{"id":2561,"date":"2022-02-04T09:28:35","date_gmt":"2022-02-04T09:28:35","guid":{"rendered":"https:\/\/sydalinna-edu-ee.vserver.zonevs.eu\/?page_id=2561"},"modified":"2026-01-06T13:00:55","modified_gmt":"2026-01-06T13:00:55","slug":"oppekava","status":"publish","type":"page","link":"https:\/\/sydalinna.edu.ee\/eng\/oppetoo\/oppekava\/","title":{"rendered":"\u00d5ppekava"},"content":{"rendered":"<div data-elementor-type=\"wp-page\" data-elementor-id=\"2561\" class=\"elementor elementor-2561\" data-elementor-post-type=\"page\">\n\t\t\t\t<div class=\"elementor-element elementor-element-c507187 e-con-full e-flex e-con e-parent\" data-id=\"c507187\" data-element_type=\"container\">\n\t\t\t\t<div class=\"elementor-element elementor-element-3363647 elementor-widget elementor-widget-shortcode\" data-id=\"3363647\" data-element_type=\"widget\" data-widget_type=\"shortcode.default\">\n\t\t\t\t<div class=\"elementor-widget-container\">\n\t\t\t\t\t\t\t<div class=\"elementor-shortcode\">\t\t<div data-elementor-type=\"container\" data-elementor-id=\"9256\" class=\"elementor elementor-9256\" data-elementor-post-type=\"elementor_library\">\n\t\t\t\t<div class=\"elementor-element elementor-element-6cad0ddc e-flex e-con-boxed e-con e-parent\" data-id=\"6cad0ddc\" data-element_type=\"container\" data-settings=\"{&quot;background_background&quot;:&quot;classic&quot;}\">\n\t\t\t\t\t<div class=\"e-con-inner\">\n\t\t<div class=\"elementor-element elementor-element-4386521 e-con-full e-flex e-con e-child\" data-id=\"4386521\" data-element_type=\"container\">\n\t\t\t\t<div class=\"elementor-element elementor-element-3e8a822 elementor-widget elementor-widget-breadcrumbs\" data-id=\"3e8a822\" data-element_type=\"widget\" data-widget_type=\"breadcrumbs.default\">\n\t\t\t\t<div class=\"elementor-widget-container\">\n\t\t\t\t\t<p id=\"breadcrumbs\"><span><span><a href=\"https:\/\/sydalinna.edu.ee\/eng\/\">Avaleht<\/a><\/span><\/span><\/p>\t\t\t\t<\/div>\n\t\t\t\t<\/div>\n\t\t\t\t<\/div>\n\t\t\t\t\t<\/div>\n\t\t\t\t<\/div>\n\t\t\t\t<\/div>\n\t\t<\/div>\n\t\t\t\t\t\t<\/div>\n\t\t\t\t<\/div>\n\t\t\t\t<\/div>\n\t\t<div class=\"elementor-element elementor-element-1075d1d e-flex e-con-boxed e-con e-parent\" data-id=\"1075d1d\" data-element_type=\"container\">\n\t\t\t\t\t<div class=\"e-con-inner\">\n\t\t<div class=\"elementor-element elementor-element-a7ab331 e-con-full e-flex e-con e-child\" data-id=\"a7ab331\" data-element_type=\"container\">\n\t\t\t\t<div class=\"elementor-element elementor-element-a4b2140 elementor-nav-menu--dropdown-none elementor-hidden-mobile elementor-widget elementor-widget-nav-menu\" data-id=\"a4b2140\" data-element_type=\"widget\" data-settings=\"{&quot;layout&quot;:&quot;vertical&quot;,&quot;sticky&quot;:&quot;top&quot;,&quot;sticky_on&quot;:[&quot;desktop&quot;,&quot;tablet&quot;],&quot;sticky_offset&quot;:100,&quot;sticky_effects_offset&quot;:100,&quot;sticky_parent&quot;:&quot;yes&quot;,&quot;submenu_icon&quot;:{&quot;value&quot;:&quot;&lt;i class=\\&quot;fas fa-caret-down\\&quot; aria-hidden=\\&quot;true\\&quot;&gt;&lt;\\\/i&gt;&quot;,&quot;library&quot;:&quot;fa-solid&quot;},&quot;sticky_anchor_link_offset&quot;:0}\" data-widget_type=\"nav-menu.default\">\n\t\t\t\t<div class=\"elementor-widget-container\">\n\t\t\t\t\t\t\t\t<nav aria-label=\"Menu\" class=\"elementor-nav-menu--main elementor-nav-menu__container elementor-nav-menu--layout-vertical e--pointer-text e--animation-none\">\n\t\t\t\t<ul id=\"menu-1-a4b2140\" class=\"elementor-nav-menu sm-vertical\"><li class=\"menu-item menu-item-type-custom menu-item-object-custom menu-item-2598\"><a href=\"https:\/\/sydalinna.edu.ee\/eng\/oppetoo\/oppekava\/#uldosa\" class=\"elementor-item elementor-item-anchor\">\u00d5ppekava \u00fcldosa<\/a><\/li>\n<li class=\"menu-item menu-item-type-custom menu-item-object-custom menu-item-2599\"><a href=\"https:\/\/sydalinna.edu.ee\/eng\/oppetoo\/oppekava\/#ainekavad\" class=\"elementor-item elementor-item-anchor\">Ainekavad<\/a><\/li>\n<li class=\"menu-item menu-item-type-custom menu-item-object-custom menu-item-2600\"><a href=\"https:\/\/sydalinna.edu.ee\/eng\/oppetoo\/oppekava\/#voorkeeled\" class=\"elementor-item elementor-item-anchor\">V\u00f5\u00f5rkeelte \u00f5petamine<\/a><\/li>\n<\/ul>\t\t\t<\/nav>\n\t\t\t\t\t\t<nav class=\"elementor-nav-menu--dropdown elementor-nav-menu__container\" aria-hidden=\"true\">\n\t\t\t\t<ul id=\"menu-2-a4b2140\" class=\"elementor-nav-menu sm-vertical\"><li class=\"menu-item menu-item-type-custom menu-item-object-custom menu-item-2598\"><a href=\"https:\/\/sydalinna.edu.ee\/eng\/oppetoo\/oppekava\/#uldosa\" class=\"elementor-item elementor-item-anchor\" tabindex=\"-1\">\u00d5ppekava \u00fcldosa<\/a><\/li>\n<li class=\"menu-item menu-item-type-custom menu-item-object-custom menu-item-2599\"><a href=\"https:\/\/sydalinna.edu.ee\/eng\/oppetoo\/oppekava\/#ainekavad\" class=\"elementor-item elementor-item-anchor\" tabindex=\"-1\">Ainekavad<\/a><\/li>\n<li class=\"menu-item menu-item-type-custom menu-item-object-custom menu-item-2600\"><a href=\"https:\/\/sydalinna.edu.ee\/eng\/oppetoo\/oppekava\/#voorkeeled\" class=\"elementor-item elementor-item-anchor\" tabindex=\"-1\">V\u00f5\u00f5rkeelte \u00f5petamine<\/a><\/li>\n<\/ul>\t\t\t<\/nav>\n\t\t\t\t\t\t<\/div>\n\t\t\t\t<\/div>\n\t\t\t\t<\/div>\n\t\t<div class=\"elementor-element elementor-element-4b7caa0 e-con-full e-flex e-con e-child\" data-id=\"4b7caa0\" data-element_type=\"container\" data-settings=\"{&quot;background_background&quot;:&quot;classic&quot;}\">\n\t\t<div class=\"elementor-element elementor-element-705553e e-con-full e-flex e-con e-child\" data-id=\"705553e\" data-element_type=\"container\" id=\"uldosa\">\n\t\t<div class=\"elementor-element elementor-element-377a301 e-con-full e-flex e-con e-child\" data-id=\"377a301\" data-element_type=\"container\">\n\t\t\t\t<div class=\"elementor-element elementor-element-8efc308 elementor-widget elementor-widget-heading\" data-id=\"8efc308\" data-element_type=\"widget\" data-widget_type=\"heading.default\">\n\t\t\t\t<div class=\"elementor-widget-container\">\n\t\t\t\t\t<h2 class=\"elementor-heading-title elementor-size-default\">\u00d5ppekava \u00fcldosa<\/h2>\t\t\t\t<\/div>\n\t\t\t\t<\/div>\n\t\t\t\t<div class=\"elementor-element elementor-element-d44c333 elementor-icon-list--layout-traditional elementor-list-item-link-full_width elementor-widget elementor-widget-icon-list\" data-id=\"d44c333\" data-element_type=\"widget\" data-widget_type=\"icon-list.default\">\n\t\t\t\t<div class=\"elementor-widget-container\">\n\t\t\t\t\t\t\t<ul class=\"elementor-icon-list-items\">\n\t\t\t\t\t\t\t<li class=\"elementor-icon-list-item\">\n\t\t\t\t\t\t\t\t\t\t\t<a href=\"https:\/\/www.sydalinna.edu.ee\/wp-content\/uploads\/2024\/11\/Tallinna-Sudalinna-kooli-uuendatud-oppekava-2024.pdf\">\n\n\t\t\t\t\t\t\t\t\t\t\t\t<span class=\"elementor-icon-list-icon\">\n\t\t\t\t\t\t\t<i aria-hidden=\"true\" class=\"fas fa-chevron-right\"><\/i>\t\t\t\t\t\t<\/span>\n\t\t\t\t\t\t\t\t\t\t<span class=\"elementor-icon-list-text\">Tallinna S\u00fcdalinna Kooli \u00f5ppekava \u00fcldosa<\/span>\n\t\t\t\t\t\t\t\t\t\t\t<\/a>\n\t\t\t\t\t\t\t\t\t<\/li>\n\t\t\t\t\t\t\t\t<li class=\"elementor-icon-list-item\">\n\t\t\t\t\t\t\t\t\t\t\t<a href=\"https:\/\/www.riigiteataja.ee\/akt\/129082014020\">\n\n\t\t\t\t\t\t\t\t\t\t\t\t<span class=\"elementor-icon-list-icon\">\n\t\t\t\t\t\t\t<i aria-hidden=\"true\" class=\"fas fa-chevron-right\"><\/i>\t\t\t\t\t\t<\/span>\n\t\t\t\t\t\t\t\t\t\t<span class=\"elementor-icon-list-text\">P\u00f5hikooli riiklik \u00f5ppekava<\/span>\n\t\t\t\t\t\t\t\t\t\t\t<\/a>\n\t\t\t\t\t\t\t\t\t<\/li>\n\t\t\t\t\t\t\t\t<li class=\"elementor-icon-list-item\">\n\t\t\t\t\t\t\t\t\t\t\t<a href=\"https:\/\/sydalinna.edu.ee\/eng\/koolist\/ajalugu\/#ajaleht\">\n\n\t\t\t\t\t\t\t\t\t\t\t\t<span class=\"elementor-icon-list-icon\">\n\t\t\t\t\t\t\t<i aria-hidden=\"true\" class=\"fas fa-chevron-right\"><\/i>\t\t\t\t\t\t<\/span>\n\t\t\t\t\t\t\t\t\t\t<span class=\"elementor-icon-list-text\">Hindamisjuhend on t\u00e4iendamisel<\/span>\n\t\t\t\t\t\t\t\t\t\t\t<\/a>\n\t\t\t\t\t\t\t\t\t<\/li>\n\t\t\t\t\t\t<\/ul>\n\t\t\t\t\t\t<\/div>\n\t\t\t\t<\/div>\n\t\t\t\t<\/div>\n\t\t\t\t<\/div>\n\t\t<div class=\"elementor-element elementor-element-131feea e-con-full e-flex e-con e-child\" data-id=\"131feea\" data-element_type=\"container\" id=\"ainekavad\">\n\t\t<div class=\"elementor-element elementor-element-0c0eea5 e-con-full e-flex e-con e-child\" data-id=\"0c0eea5\" data-element_type=\"container\">\n\t\t\t\t<div class=\"elementor-element elementor-element-0a12dfe elementor-icon-list--layout-traditional elementor-list-item-link-full_width elementor-widget elementor-widget-icon-list\" data-id=\"0a12dfe\" data-element_type=\"widget\" data-widget_type=\"icon-list.default\">\n\t\t\t\t<div class=\"elementor-widget-container\">\n\t\t\t\t\t\t\t<ul class=\"elementor-icon-list-items\">\n\t\t\t\t\t\t\t<li class=\"elementor-icon-list-item\">\n\t\t\t\t\t\t\t\t\t\t\t<span class=\"elementor-icon-list-icon\">\n\t\t\t\t\t\t\t<i aria-hidden=\"true\" class=\"fas fa-info-circle\"><\/i>\t\t\t\t\t\t<\/span>\n\t\t\t\t\t\t\t\t\t\t<span class=\"elementor-icon-list-text\">AINEKAVAD ON PIDEVALT UUENDAMISEL!<\/span>\n\t\t\t\t\t\t\t\t\t<\/li>\n\t\t\t\t\t\t<\/ul>\n\t\t\t\t\t\t<\/div>\n\t\t\t\t<\/div>\n\t\t\t\t<div class=\"elementor-element elementor-element-db7d623 elementor-widget elementor-widget-heading\" data-id=\"db7d623\" data-element_type=\"widget\" data-widget_type=\"heading.default\">\n\t\t\t\t<div class=\"elementor-widget-container\">\n\t\t\t\t\t<h2 class=\"elementor-heading-title elementor-size-default\">Ainekavad<\/h2>\t\t\t\t<\/div>\n\t\t\t\t<\/div>\n\t\t\t\t<div class=\"elementor-element elementor-element-6cd1c2e elementor-widget elementor-widget-toggle\" data-id=\"6cd1c2e\" data-element_type=\"widget\" data-widget_type=\"toggle.default\">\n\t\t\t\t<div class=\"elementor-widget-container\">\n\t\t\t\t\t\t\t<div class=\"elementor-toggle\">\n\t\t\t\t\t\t\t<div class=\"elementor-toggle-item\">\n\t\t\t\t\t<div id=\"elementor-tab-title-1141\" class=\"elementor-tab-title\" data-tab=\"1\" role=\"button\" aria-controls=\"elementor-tab-content-1141\" aria-expanded=\"false\">\n\t\t\t\t\t\t\t\t\t\t\t\t<span class=\"elementor-toggle-icon elementor-toggle-icon-left\" aria-hidden=\"true\">\n\t\t\t\t\t\t\t\t\t\t\t\t\t\t\t<span class=\"elementor-toggle-icon-closed\"><i class=\"fas fa-chevron-down\"><\/i><\/span>\n\t\t\t\t\t\t\t\t<span class=\"elementor-toggle-icon-opened\"><i class=\"elementor-toggle-icon-opened fas fa-angle-up\"><\/i><\/span>\n\t\t\t\t\t\t\t\t\t\t\t\t\t<\/span>\n\t\t\t\t\t\t\t\t\t\t\t\t<a class=\"elementor-toggle-title\" tabindex=\"0\">Ainekavad on lingitud \u00f5ppekava \u00fcldosa l\u00f5ppu.<\/a>\n\t\t\t\t\t<\/div>\n\n\t\t\t\t\t<div id=\"elementor-tab-content-1141\" class=\"elementor-tab-content elementor-clearfix\" data-tab=\"1\" role=\"region\" aria-labelledby=\"elementor-tab-title-1141\"><\/div>\n\t\t\t\t<\/div>\n\t\t\t\t\t\t\t\t<\/div>\n\t\t\t\t\t\t<\/div>\n\t\t\t\t<\/div>\n\t\t\t\t<\/div>\n\t\t<div class=\"elementor-element elementor-element-1453bd4 e-con-full e-flex e-con e-child\" data-id=\"1453bd4\" data-element_type=\"container\">\n\t\t\t\t<div class=\"elementor-element elementor-element-80f413a elementor-widget elementor-widget-image\" data-id=\"80f413a\" data-element_type=\"widget\" data-settings=\"{&quot;sticky_on&quot;:[&quot;desktop&quot;,&quot;tablet&quot;],&quot;sticky_offset&quot;:100,&quot;sticky_effects_offset&quot;:100,&quot;sticky_parent&quot;:&quot;yes&quot;,&quot;sticky&quot;:&quot;top&quot;,&quot;sticky_anchor_link_offset&quot;:0}\" data-widget_type=\"image.default\">\n\t\t\t\t<div class=\"elementor-widget-container\">\n\t\t\t\t\t\t\t\t\t\t\t\t\t\t\t<img fetchpriority=\"high\" decoding=\"async\" width=\"1024\" height=\"819\" src=\"https:\/\/sydalinna.edu.ee\/wp-content\/uploads\/2022\/02\/209788-1024x819.jpg\" class=\"attachment-large size-large wp-image-3276\" alt=\"\" srcset=\"https:\/\/sydalinna.edu.ee\/wp-content\/uploads\/2022\/02\/209788-1024x819.jpg 1024w, https:\/\/sydalinna.edu.ee\/wp-content\/uploads\/2022\/02\/209788-300x240.jpg 300w, https:\/\/sydalinna.edu.ee\/wp-content\/uploads\/2022\/02\/209788-768x614.jpg 768w, https:\/\/sydalinna.edu.ee\/wp-content\/uploads\/2022\/02\/209788-585x468.jpg 585w, https:\/\/sydalinna.edu.ee\/wp-content\/uploads\/2022\/02\/209788.jpg 1080w\" sizes=\"(max-width: 1024px) 100vw, 1024px\" \/>\t\t\t\t\t\t\t\t\t\t\t\t\t\t\t<\/div>\n\t\t\t\t<\/div>\n\t\t\t\t<\/div>\n\t\t\t\t<\/div>\n\t\t<div class=\"elementor-element elementor-element-f9625cd e-con-full e-flex e-con e-child\" data-id=\"f9625cd\" data-element_type=\"container\" id=\"voorkeeled\">\n\t\t<div class=\"elementor-element elementor-element-1e2c1ec e-con-full e-flex e-con e-child\" data-id=\"1e2c1ec\" data-element_type=\"container\">\n\t\t\t\t<div class=\"elementor-element elementor-element-66ac22f elementor-widget elementor-widget-heading\" data-id=\"66ac22f\" data-element_type=\"widget\" data-widget_type=\"heading.default\">\n\t\t\t\t<div class=\"elementor-widget-container\">\n\t\t\t\t\t<h2 class=\"elementor-heading-title elementor-size-default\">V\u00f5\u00f5rkeelte \u00f5petamine<\/h2>\t\t\t\t<\/div>\n\t\t\t\t<\/div>\n\t\t\t\t<div class=\"elementor-element elementor-element-6683642 elementor-widget elementor-widget-text-editor\" data-id=\"6683642\" data-element_type=\"widget\" data-widget_type=\"text-editor.default\">\n\t\t\t\t<div class=\"elementor-widget-container\">\n\t\t\t\t\t\t\t\t\t<p>A- v\u00f5\u00f5rkeel (alates 1. klassist): inglise keel<br \/>B- v\u00f5\u00f5rkeel (alates 6. klassist): saksa keel v\u00f5i vene keel<\/p>\t\t\t\t\t\t\t\t<\/div>\n\t\t\t\t<\/div>\n\t\t\t\t<\/div>\n\t\t\t\t<\/div>\n\t\t\t\t<\/div>\n\t\t\t\t\t<\/div>\n\t\t\t\t<\/div>\n\t\t\t\t<\/div>","protected":false},"excerpt":{"rendered":"<p>\u00d5ppekava \u00fcldosa Tallinna S\u00fcdalinna Kooli \u00f5ppekava \u00fcldosa P\u00f5hikooli riiklik \u00f5ppekava Hindamisjuhend on t\u00e4iendamisel AINEKAVAD ON PIDEVALT UUENDAMISEL! Ainekavad Ainekavad on lingitud \u00f5ppekava \u00fcldosa l\u00f5ppu. V\u00f5\u00f5rkeelte \u00f5petamine A- v\u00f5\u00f5rkeel (alates 1. klassist): inglise keelB- v\u00f5\u00f5rkeel (alates 6. klassist): saksa keel v\u00f5i vene keel<\/p>","protected":false},"author":1,"featured_media":0,"parent":688,"menu_order":3,"comment_status":"closed","ping_status":"closed","template":"elementor_header_footer","meta":{"_kad_post_transparent":"","_kad_post_title":"","_kad_post_layout":"","_kad_post_sidebar_id":"","_kad_post_content_style":"","_kad_post_vertical_padding":"","_kad_post_feature":"","_kad_post_feature_position":"","_kad_post_header":false,"_kad_post_footer":false,"_kad_post_classname":"","footnotes":""},"class_list":["post-2561","page","type-page","status-publish","hentry"],"yoast_head":"<!-- This site is optimized with the Yoast SEO Premium plugin v20.11 (Yoast SEO v26.6) - https:\/\/yoast.com\/wordpress\/plugins\/seo\/ -->\n<title>\u00d5ppekava - Tallinna S\u00fcdalinna kool<\/title>\n<meta name=\"robots\" content=\"index, follow, max-snippet:-1, max-image-preview:large, max-video-preview:-1\" \/>\n<link rel=\"canonical\" href=\"https:\/\/sydalinna.edu.ee\/eng\/oppetoo\/oppekava\/\" \/>\n<meta property=\"og:locale\" content=\"en_US\" \/>\n<meta property=\"og:type\" content=\"article\" \/>\n<meta property=\"og:title\" content=\"\u00d5ppekava\" \/>\n<meta property=\"og:description\" content=\"\u00d5ppekava \u00fcldosa Tallinna S\u00fcdalinna Kooli \u00f5ppekava \u00fcldosa P\u00f5hikooli riiklik \u00f5ppekava Hindamisjuhend on t\u00e4iendamisel AINEKAVAD ON PIDEVALT UUENDAMISEL! Ainekavad Ainekavad on lingitud \u00f5ppekava \u00fcldosa l\u00f5ppu. V\u00f5\u00f5rkeelte \u00f5petamine A- v\u00f5\u00f5rkeel (alates 1. klassist): inglise keelB- v\u00f5\u00f5rkeel (alates 6. klassist): saksa keel v\u00f5i vene keel\" \/>\n<meta property=\"og:url\" content=\"https:\/\/sydalinna.edu.ee\/eng\/oppetoo\/oppekava\/\" \/>\n<meta property=\"og:site_name\" content=\"Tallinna S\u00fcdalinna kool\" \/>\n<meta property=\"article:modified_time\" content=\"2026-01-06T13:00:55+00:00\" \/>\n<meta property=\"og:image\" content=\"https:\/\/sydalinna.edu.ee\/wp-content\/uploads\/2022\/02\/209788-1024x819.jpg\" \/>\n<meta name=\"twitter:card\" content=\"summary_large_image\" \/>\n<meta name=\"twitter:label1\" content=\"Est. reading time\" \/>\n\t<meta name=\"twitter:data1\" content=\"1 minute\" \/>\n<script type=\"application\/ld+json\" class=\"yoast-schema-graph\">{\"@context\":\"https:\/\/schema.org\",\"@graph\":[{\"@type\":\"WebPage\",\"@id\":\"https:\/\/sydalinna.edu.ee\/eng\/oppetoo\/oppekava\/\",\"url\":\"https:\/\/sydalinna.edu.ee\/eng\/oppetoo\/oppekava\/\",\"name\":\"\u00d5ppekava - Tallinna S\u00fcdalinna kool\",\"isPartOf\":{\"@id\":\"https:\/\/sydalinna.edu.ee\/#website\"},\"primaryImageOfPage\":{\"@id\":\"https:\/\/sydalinna.edu.ee\/eng\/oppetoo\/oppekava\/#primaryimage\"},\"image\":{\"@id\":\"https:\/\/sydalinna.edu.ee\/eng\/oppetoo\/oppekava\/#primaryimage\"},\"thumbnailUrl\":\"https:\/\/sydalinna.edu.ee\/wp-content\/uploads\/2022\/02\/209788-1024x819.jpg\",\"datePublished\":\"2022-02-04T09:28:35+00:00\",\"dateModified\":\"2026-01-06T13:00:55+00:00\",\"breadcrumb\":{\"@id\":\"https:\/\/sydalinna.edu.ee\/eng\/oppetoo\/oppekava\/#breadcrumb\"},\"inLanguage\":\"en-US\",\"potentialAction\":[{\"@type\":\"ReadAction\",\"target\":[\"https:\/\/sydalinna.edu.ee\/eng\/oppetoo\/oppekava\/\"]}]},{\"@type\":\"ImageObject\",\"inLanguage\":\"en-US\",\"@id\":\"https:\/\/sydalinna.edu.ee\/eng\/oppetoo\/oppekava\/#primaryimage\",\"url\":\"https:\/\/sydalinna.edu.ee\/wp-content\/uploads\/2022\/02\/209788-1024x819.jpg\",\"contentUrl\":\"https:\/\/sydalinna.edu.ee\/wp-content\/uploads\/2022\/02\/209788-1024x819.jpg\"},{\"@type\":\"BreadcrumbList\",\"@id\":\"https:\/\/sydalinna.edu.ee\/eng\/oppetoo\/oppekava\/#breadcrumb\",\"itemListElement\":[{\"@type\":\"ListItem\",\"position\":1,\"name\":\"Avaleht\",\"item\":\"https:\/\/sydalinna.edu.ee\/\"},{\"@type\":\"ListItem\",\"position\":2,\"name\":\"\u00d5ppet\u00f6\u00f6\",\"item\":\"https:\/\/sydalinna.edu.ee\/eng\/oppetoo\/\"},{\"@type\":\"ListItem\",\"position\":3,\"name\":\"\u00d5ppekava\"}]},{\"@type\":\"WebSite\",\"@id\":\"https:\/\/sydalinna.edu.ee\/#website\",\"url\":\"https:\/\/sydalinna.edu.ee\/\",\"name\":\"Tallinna S\u00fcdalinna kool\",\"description\":\"Kodune kool kesklinna s\u00fcdames.\",\"publisher\":{\"@id\":\"https:\/\/sydalinna.edu.ee\/#organization\"},\"potentialAction\":[{\"@type\":\"SearchAction\",\"target\":{\"@type\":\"EntryPoint\",\"urlTemplate\":\"https:\/\/sydalinna.edu.ee\/?s={search_term_string}\"},\"query-input\":{\"@type\":\"PropertyValueSpecification\",\"valueRequired\":true,\"valueName\":\"search_term_string\"}}],\"inLanguage\":\"en-US\"},{\"@type\":\"Organization\",\"@id\":\"https:\/\/sydalinna.edu.ee\/#organization\",\"name\":\"Tallinna S\u00fcdalinna kool\",\"url\":\"https:\/\/sydalinna.edu.ee\/\",\"logo\":{\"@type\":\"ImageObject\",\"inLanguage\":\"en-US\",\"@id\":\"https:\/\/sydalinna.edu.ee\/#\/schema\/logo\/image\/\",\"url\":\"https:\/\/sydalinna.edu.ee\/wp-content\/uploads\/2021\/12\/g1.svg\",\"contentUrl\":\"https:\/\/sydalinna.edu.ee\/wp-content\/uploads\/2021\/12\/g1.svg\",\"width\":185,\"height\":45,\"caption\":\"Tallinna S\u00fcdalinna kool\"},\"image\":{\"@id\":\"https:\/\/sydalinna.edu.ee\/#\/schema\/logo\/image\/\"}}]}<\/script>\n<!-- \/ Yoast SEO Premium plugin. -->","yoast_head_json":{"title":"\u00d5ppekava - Tallinna S\u00fcdalinna kool","robots":{"index":"index","follow":"follow","max-snippet":"max-snippet:-1","max-image-preview":"max-image-preview:large","max-video-preview":"max-video-preview:-1"},"canonical":"https:\/\/sydalinna.edu.ee\/eng\/oppetoo\/oppekava\/","og_locale":"en_US","og_type":"article","og_title":"\u00d5ppekava","og_description":"\u00d5ppekava \u00fcldosa Tallinna S\u00fcdalinna Kooli \u00f5ppekava \u00fcldosa P\u00f5hikooli riiklik \u00f5ppekava Hindamisjuhend on t\u00e4iendamisel AINEKAVAD ON PIDEVALT UUENDAMISEL! Ainekavad Ainekavad on lingitud \u00f5ppekava \u00fcldosa l\u00f5ppu. V\u00f5\u00f5rkeelte \u00f5petamine A- v\u00f5\u00f5rkeel (alates 1. klassist): inglise keelB- v\u00f5\u00f5rkeel (alates 6. klassist): saksa keel v\u00f5i vene keel","og_url":"https:\/\/sydalinna.edu.ee\/eng\/oppetoo\/oppekava\/","og_site_name":"Tallinna S\u00fcdalinna kool","article_modified_time":"2026-01-06T13:00:55+00:00","og_image":[{"url":"https:\/\/sydalinna.edu.ee\/wp-content\/uploads\/2022\/02\/209788-1024x819.jpg","type":"","width":"","height":""}],"twitter_card":"summary_large_image","twitter_misc":{"Est. reading time":"1 minute"},"schema":{"@context":"https:\/\/schema.org","@graph":[{"@type":"WebPage","@id":"https:\/\/sydalinna.edu.ee\/eng\/oppetoo\/oppekava\/","url":"https:\/\/sydalinna.edu.ee\/eng\/oppetoo\/oppekava\/","name":"\u00d5ppekava - Tallinna S\u00fcdalinna kool","isPartOf":{"@id":"https:\/\/sydalinna.edu.ee\/#website"},"primaryImageOfPage":{"@id":"https:\/\/sydalinna.edu.ee\/eng\/oppetoo\/oppekava\/#primaryimage"},"image":{"@id":"https:\/\/sydalinna.edu.ee\/eng\/oppetoo\/oppekava\/#primaryimage"},"thumbnailUrl":"https:\/\/sydalinna.edu.ee\/wp-content\/uploads\/2022\/02\/209788-1024x819.jpg","datePublished":"2022-02-04T09:28:35+00:00","dateModified":"2026-01-06T13:00:55+00:00","breadcrumb":{"@id":"https:\/\/sydalinna.edu.ee\/eng\/oppetoo\/oppekava\/#breadcrumb"},"inLanguage":"en-US","potentialAction":[{"@type":"ReadAction","target":["https:\/\/sydalinna.edu.ee\/eng\/oppetoo\/oppekava\/"]}]},{"@type":"ImageObject","inLanguage":"en-US","@id":"https:\/\/sydalinna.edu.ee\/eng\/oppetoo\/oppekava\/#primaryimage","url":"https:\/\/sydalinna.edu.ee\/wp-content\/uploads\/2022\/02\/209788-1024x819.jpg","contentUrl":"https:\/\/sydalinna.edu.ee\/wp-content\/uploads\/2022\/02\/209788-1024x819.jpg"},{"@type":"BreadcrumbList","@id":"https:\/\/sydalinna.edu.ee\/eng\/oppetoo\/oppekava\/#breadcrumb","itemListElement":[{"@type":"ListItem","position":1,"name":"Avaleht","item":"https:\/\/sydalinna.edu.ee\/"},{"@type":"ListItem","position":2,"name":"\u00d5ppet\u00f6\u00f6","item":"https:\/\/sydalinna.edu.ee\/eng\/oppetoo\/"},{"@type":"ListItem","position":3,"name":"\u00d5ppekava"}]},{"@type":"WebSite","@id":"https:\/\/sydalinna.edu.ee\/#website","url":"https:\/\/sydalinna.edu.ee\/","name":"Tallinna S\u00fcdalinna kool","description":"Kodune kool kesklinna s\u00fcdames.","publisher":{"@id":"https:\/\/sydalinna.edu.ee\/#organization"},"potentialAction":[{"@type":"SearchAction","target":{"@type":"EntryPoint","urlTemplate":"https:\/\/sydalinna.edu.ee\/?s={search_term_string}"},"query-input":{"@type":"PropertyValueSpecification","valueRequired":true,"valueName":"search_term_string"}}],"inLanguage":"en-US"},{"@type":"Organization","@id":"https:\/\/sydalinna.edu.ee\/#organization","name":"Tallinna S\u00fcdalinna kool","url":"https:\/\/sydalinna.edu.ee\/","logo":{"@type":"ImageObject","inLanguage":"en-US","@id":"https:\/\/sydalinna.edu.ee\/#\/schema\/logo\/image\/","url":"https:\/\/sydalinna.edu.ee\/wp-content\/uploads\/2021\/12\/g1.svg","contentUrl":"https:\/\/sydalinna.edu.ee\/wp-content\/uploads\/2021\/12\/g1.svg","width":185,"height":45,"caption":"Tallinna S\u00fcdalinna kool"},"image":{"@id":"https:\/\/sydalinna.edu.ee\/#\/schema\/logo\/image\/"}}]}},"_links":{"self":[{"href":"https:\/\/sydalinna.edu.ee\/eng\/wp-json\/wp\/v2\/pages\/2561","targetHints":{"allow":["GET"]}}],"collection":[{"href":"https:\/\/sydalinna.edu.ee\/eng\/wp-json\/wp\/v2\/pages"}],"about":[{"href":"https:\/\/sydalinna.edu.ee\/eng\/wp-json\/wp\/v2\/types\/page"}],"author":[{"embeddable":true,"href":"https:\/\/sydalinna.edu.ee\/eng\/wp-json\/wp\/v2\/users\/1"}],"replies":[{"embeddable":true,"href":"https:\/\/sydalinna.edu.ee\/eng\/wp-json\/wp\/v2\/comments?post=2561"}],"version-history":[{"count":42,"href":"https:\/\/sydalinna.edu.ee\/eng\/wp-json\/wp\/v2\/pages\/2561\/revisions"}],"predecessor-version":[{"id":10591,"href":"https:\/\/sydalinna.edu.ee\/eng\/wp-json\/wp\/v2\/pages\/2561\/revisions\/10591"}],"up":[{"embeddable":true,"href":"https:\/\/sydalinna.edu.ee\/eng\/wp-json\/wp\/v2\/pages\/688"}],"wp:attachment":[{"href":"https:\/\/sydalinna.edu.ee\/eng\/wp-json\/wp\/v2\/media?parent=2561"}],"curies":[{"name":"wp","href":"https:\/\/api.w.org\/{rel}","templated":true}]}}