{"id":1553,"date":"2022-01-31T00:04:44","date_gmt":"2022-01-31T00:04:44","guid":{"rendered":"https:\/\/sydalinna-edu-ee.vserver.zonevs.eu\/?page_id=1553"},"modified":"2026-01-06T13:09:10","modified_gmt":"2026-01-06T13:09:10","slug":"juhtkonna-vastuvott","status":"publish","type":"page","link":"https:\/\/sydalinna.edu.ee\/eng\/kontakt\/juhtkonna-vastuvott\/","title":{"rendered":"Juhtkonna vastuv\u00f5tt"},"content":{"rendered":"<div data-elementor-type=\"wp-page\" data-elementor-id=\"1553\" class=\"elementor elementor-1553\" data-elementor-post-type=\"page\">\n\t\t\t\t<div class=\"elementor-element elementor-element-986bc58 e-con-full e-flex e-con e-parent\" data-id=\"986bc58\" data-element_type=\"container\">\n\t\t\t\t<div class=\"elementor-element elementor-element-fad0209 elementor-widget elementor-widget-shortcode\" data-id=\"fad0209\" data-element_type=\"widget\" data-widget_type=\"shortcode.default\">\n\t\t\t\t<div class=\"elementor-widget-container\">\n\t\t\t\t\t\t\t<div class=\"elementor-shortcode\">\t\t<div data-elementor-type=\"container\" data-elementor-id=\"9256\" class=\"elementor elementor-9256\" data-elementor-post-type=\"elementor_library\">\n\t\t\t\t<div class=\"elementor-element elementor-element-6cad0ddc e-flex e-con-boxed e-con e-parent\" data-id=\"6cad0ddc\" data-element_type=\"container\" data-settings=\"{&quot;background_background&quot;:&quot;classic&quot;}\">\n\t\t\t\t\t<div class=\"e-con-inner\">\n\t\t<div class=\"elementor-element elementor-element-4386521 e-con-full e-flex e-con e-child\" data-id=\"4386521\" data-element_type=\"container\">\n\t\t\t\t<div class=\"elementor-element elementor-element-3e8a822 elementor-widget elementor-widget-breadcrumbs\" data-id=\"3e8a822\" data-element_type=\"widget\" data-widget_type=\"breadcrumbs.default\">\n\t\t\t\t<div class=\"elementor-widget-container\">\n\t\t\t\t\t<p id=\"breadcrumbs\"><span><span><a href=\"https:\/\/sydalinna.edu.ee\/eng\/\">Avaleht<\/a><\/span><\/span><\/p>\t\t\t\t<\/div>\n\t\t\t\t<\/div>\n\t\t\t\t<\/div>\n\t\t\t\t\t<\/div>\n\t\t\t\t<\/div>\n\t\t\t\t<\/div>\n\t\t<\/div>\n\t\t\t\t\t\t<\/div>\n\t\t\t\t<\/div>\n\t\t\t\t<\/div>\n\t\t<div class=\"elementor-element elementor-element-af6e5ec e-flex e-con-boxed e-con e-parent\" data-id=\"af6e5ec\" data-element_type=\"container\" data-settings=\"{&quot;background_background&quot;:&quot;classic&quot;}\">\n\t\t\t\t\t<div class=\"e-con-inner\">\n\t\t<div class=\"elementor-element elementor-element-d4ee42d e-con-full e-flex e-con e-child\" data-id=\"d4ee42d\" data-element_type=\"container\">\n\t\t\t\t<div class=\"elementor-element elementor-element-f14872a elementor-nav-menu--dropdown-none elementor-hidden-mobile elementor-widget elementor-widget-nav-menu\" data-id=\"f14872a\" data-element_type=\"widget\" data-settings=\"{&quot;layout&quot;:&quot;vertical&quot;,&quot;sticky&quot;:&quot;top&quot;,&quot;sticky_on&quot;:[&quot;desktop&quot;,&quot;tablet&quot;],&quot;sticky_offset&quot;:100,&quot;sticky_effects_offset&quot;:100,&quot;sticky_parent&quot;:&quot;yes&quot;,&quot;submenu_icon&quot;:{&quot;value&quot;:&quot;&lt;i class=\\&quot;fas fa-caret-down\\&quot; aria-hidden=\\&quot;true\\&quot;&gt;&lt;\\\/i&gt;&quot;,&quot;library&quot;:&quot;fa-solid&quot;},&quot;sticky_anchor_link_offset&quot;:0}\" data-widget_type=\"nav-menu.default\">\n\t\t\t\t<div class=\"elementor-widget-container\">\n\t\t\t\t\t\t\t\t<nav aria-label=\"Menu\" class=\"elementor-nav-menu--main elementor-nav-menu__container elementor-nav-menu--layout-vertical e--pointer-text e--animation-none\">\n\t\t\t\t<ul id=\"menu-1-f14872a\" class=\"elementor-nav-menu sm-vertical\"><li class=\"menu-item menu-item-type-custom menu-item-object-custom menu-item-1665\"><a href=\"https:\/\/sydalinna.edu.ee\/eng\/kontakt\/juhtkonna-vastuvott\/#direktor\" class=\"elementor-item elementor-item-anchor\">Direktori vastuv\u00f5tt<\/a><\/li>\n<li class=\"menu-item menu-item-type-custom menu-item-object-custom menu-item-1666\"><a href=\"https:\/\/sydalinna.edu.ee\/eng\/kontakt\/juhtkonna-vastuvott\/#4_9\" class=\"elementor-item elementor-item-anchor\">\u00d5ppealajuhataja (4.-9. klass) vastuv\u00f5tt<\/a><\/li>\n<li class=\"menu-item menu-item-type-custom menu-item-object-custom menu-item-1667\"><a href=\"https:\/\/sydalinna.edu.ee\/eng\/kontakt\/juhtkonna-vastuvott\/#1_3\" class=\"elementor-item elementor-item-anchor\">\u00d5ppealajuhataja (1.-3. klass) vastuv\u00f5tt<\/a><\/li>\n<\/ul>\t\t\t<\/nav>\n\t\t\t\t\t\t<nav class=\"elementor-nav-menu--dropdown elementor-nav-menu__container\" aria-hidden=\"true\">\n\t\t\t\t<ul id=\"menu-2-f14872a\" class=\"elementor-nav-menu sm-vertical\"><li class=\"menu-item menu-item-type-custom menu-item-object-custom menu-item-1665\"><a href=\"https:\/\/sydalinna.edu.ee\/eng\/kontakt\/juhtkonna-vastuvott\/#direktor\" class=\"elementor-item elementor-item-anchor\" tabindex=\"-1\">Direktori vastuv\u00f5tt<\/a><\/li>\n<li class=\"menu-item menu-item-type-custom menu-item-object-custom menu-item-1666\"><a href=\"https:\/\/sydalinna.edu.ee\/eng\/kontakt\/juhtkonna-vastuvott\/#4_9\" class=\"elementor-item elementor-item-anchor\" tabindex=\"-1\">\u00d5ppealajuhataja (4.-9. klass) vastuv\u00f5tt<\/a><\/li>\n<li class=\"menu-item menu-item-type-custom menu-item-object-custom menu-item-1667\"><a href=\"https:\/\/sydalinna.edu.ee\/eng\/kontakt\/juhtkonna-vastuvott\/#1_3\" class=\"elementor-item elementor-item-anchor\" tabindex=\"-1\">\u00d5ppealajuhataja (1.-3. klass) vastuv\u00f5tt<\/a><\/li>\n<\/ul>\t\t\t<\/nav>\n\t\t\t\t\t\t<\/div>\n\t\t\t\t<\/div>\n\t\t\t\t<\/div>\n\t\t<div class=\"elementor-element elementor-element-a0478b7 e-con-full e-flex e-con e-child\" data-id=\"a0478b7\" data-element_type=\"container\" data-settings=\"{&quot;background_background&quot;:&quot;classic&quot;}\">\n\t\t<div class=\"elementor-element elementor-element-c3604ae e-con-full e-flex e-con e-child\" data-id=\"c3604ae\" data-element_type=\"container\" id=\"direktor\">\n\t\t<div class=\"elementor-element elementor-element-6e8d301 e-con-full e-flex e-con e-child\" data-id=\"6e8d301\" data-element_type=\"container\">\n\t\t\t\t<div class=\"elementor-element elementor-element-eb609cb elementor-widget elementor-widget-heading\" data-id=\"eb609cb\" data-element_type=\"widget\" data-widget_type=\"heading.default\">\n\t\t\t\t<div class=\"elementor-widget-container\">\n\t\t\t\t\t<h2 class=\"elementor-heading-title elementor-size-default\">Direktori vastuv\u00f5tt<\/h2>\t\t\t\t<\/div>\n\t\t\t\t<\/div>\n\t\t\t\t<div class=\"elementor-element elementor-element-91269fc elementor-widget elementor-widget-text-editor\" data-id=\"91269fc\" data-element_type=\"widget\" data-widget_type=\"text-editor.default\">\n\t\t\t\t<div class=\"elementor-widget-container\">\n\t\t\t\t\t\t\t\t\t<p>Esmasp\u00e4ev<br \/>8.15-10.00<br \/>16.00-17.00 (eelregistreerimisega)<\/p><p>Teistel aegadel vastavalt eelregistreerimisele.<\/p><p><b>Veiko Rohunurm<\/b><br \/>6180150<br \/><a href=\"mailto:direktor@sydalinna.edu.ee\">direktor@sydalinna.edu.ee<\/a><\/p>\t\t\t\t\t\t\t\t<\/div>\n\t\t\t\t<\/div>\n\t\t\t\t<\/div>\n\t\t\t\t<\/div>\n\t\t<div class=\"elementor-element elementor-element-b27ca03 e-con-full e-flex e-con e-child\" data-id=\"b27ca03\" data-element_type=\"container\" id=\"4_9\">\n\t\t<div class=\"elementor-element elementor-element-e180ba7 e-con-full e-flex e-con e-child\" data-id=\"e180ba7\" data-element_type=\"container\">\n\t\t\t\t<div class=\"elementor-element elementor-element-d4e8afc elementor-widget elementor-widget-heading\" data-id=\"d4e8afc\" data-element_type=\"widget\" data-widget_type=\"heading.default\">\n\t\t\t\t<div class=\"elementor-widget-container\">\n\t\t\t\t\t<h2 class=\"elementor-heading-title elementor-size-default\">\u00d5ppealajuhataja (4.-9. klass) vastuv\u00f5tt<\/h2>\t\t\t\t<\/div>\n\t\t\t\t<\/div>\n\t\t\t\t<div class=\"elementor-element elementor-element-355bad7 elementor-widget elementor-widget-text-editor\" data-id=\"355bad7\" data-element_type=\"widget\" data-widget_type=\"text-editor.default\">\n\t\t\t\t<div class=\"elementor-widget-container\">\n\t\t\t\t\t\t\t\t\t<p>Vastuv\u00f5tt eelregistreerimisega:<br \/>Monika Ellakvere<br \/>6180152<br \/>oppealajuhataja@sydalinna.edu.ee<\/p>\t\t\t\t\t\t\t\t<\/div>\n\t\t\t\t<\/div>\n\t\t\t\t<\/div>\n\t\t\t\t<\/div>\n\t\t<div class=\"elementor-element elementor-element-521d4c0 e-con-full e-flex e-con e-child\" data-id=\"521d4c0\" data-element_type=\"container\" id=\"1_3\">\n\t\t<div class=\"elementor-element elementor-element-0940157 e-con-full e-flex e-con e-child\" data-id=\"0940157\" data-element_type=\"container\">\n\t\t\t\t<div class=\"elementor-element elementor-element-ec96efe elementor-widget elementor-widget-heading\" data-id=\"ec96efe\" data-element_type=\"widget\" data-widget_type=\"heading.default\">\n\t\t\t\t<div class=\"elementor-widget-container\">\n\t\t\t\t\t<h2 class=\"elementor-heading-title elementor-size-default\">\u00d5ppealajuhataja (1.-3. klass) vastuv\u00f5tt<\/h2>\t\t\t\t<\/div>\n\t\t\t\t<\/div>\n\t\t\t\t<div class=\"elementor-element elementor-element-9104d6b elementor-widget elementor-widget-text-editor\" data-id=\"9104d6b\" data-element_type=\"widget\" data-widget_type=\"text-editor.default\">\n\t\t\t\t<div class=\"elementor-widget-container\">\n\t\t\t\t\t\t\t\t\t<p>Vastuv\u00f5tt eelregistreerimisega:<br \/>Kerttu M\u00f6lder-Jevdokimov<br \/>kerttu.molder-jevdokimov@sydalinna.edu.ee<\/p>\t\t\t\t\t\t\t\t<\/div>\n\t\t\t\t<\/div>\n\t\t\t\t<\/div>\n\t\t\t\t<\/div>\n\t\t\t\t<\/div>\n\t\t\t\t\t<\/div>\n\t\t\t\t<\/div>\n\t\t\t\t<\/div>","protected":false},"excerpt":{"rendered":"<p>Direktori vastuv\u00f5tt Esmasp\u00e4ev8.15-10.0016.00-17.00 (eelregistreerimisega) Teistel aegadel vastavalt eelregistreerimisele. Veiko Rohunurm6180150direktor@sydalinna.edu.ee \u00d5ppealajuhataja (4.-9. klass) vastuv\u00f5tt Vastuv\u00f5tt eelregistreerimisega:Monika Ellakvere6180152oppealajuhataja@sydalinna.edu.ee \u00d5ppealajuhataja (1.-3. klass) vastuv\u00f5tt Vastuv\u00f5tt eelregistreerimisega:Kerttu M\u00f6lder-Jevdokimovkerttu.molder-jevdokimov@sydalinna.edu.ee<\/p>","protected":false},"author":1,"featured_media":0,"parent":702,"menu_order":0,"comment_status":"closed","ping_status":"closed","template":"elementor_header_footer","meta":{"_kad_post_transparent":"","_kad_post_title":"","_kad_post_layout":"","_kad_post_sidebar_id":"","_kad_post_content_style":"","_kad_post_vertical_padding":"","_kad_post_feature":"","_kad_post_feature_position":"","_kad_post_header":false,"_kad_post_footer":false,"_kad_post_classname":"","footnotes":""},"class_list":["post-1553","page","type-page","status-publish","hentry"],"yoast_head":"<!-- This site is optimized with the Yoast SEO Premium plugin v20.11 (Yoast SEO v26.6) - https:\/\/yoast.com\/wordpress\/plugins\/seo\/ -->\n<title>Juhtkonna vastuv\u00f5tt - Tallinna S\u00fcdalinna kool<\/title>\n<meta name=\"robots\" content=\"index, follow, max-snippet:-1, max-image-preview:large, max-video-preview:-1\" \/>\n<link rel=\"canonical\" href=\"https:\/\/sydalinna.edu.ee\/eng\/kontakt\/juhtkonna-vastuvott\/\" \/>\n<meta property=\"og:locale\" content=\"en_US\" \/>\n<meta property=\"og:type\" content=\"article\" \/>\n<meta property=\"og:title\" content=\"Juhtkonna vastuv\u00f5tt\" \/>\n<meta property=\"og:description\" content=\"Direktori vastuv\u00f5tt Esmasp\u00e4ev8.15-10.0016.00-17.00 (eelregistreerimisega) Teistel aegadel vastavalt eelregistreerimisele. Veiko Rohunurm6180150direktor@sydalinna.edu.ee \u00d5ppealajuhataja (4.-9. klass) vastuv\u00f5tt Vastuv\u00f5tt eelregistreerimisega:Monika Ellakvere6180152oppealajuhataja@sydalinna.edu.ee \u00d5ppealajuhataja (1.-3. klass) vastuv\u00f5tt Vastuv\u00f5tt eelregistreerimisega:Kerttu M\u00f6lder-Jevdokimovkerttu.molder-jevdokimov@sydalinna.edu.ee\" \/>\n<meta property=\"og:url\" content=\"https:\/\/sydalinna.edu.ee\/eng\/kontakt\/juhtkonna-vastuvott\/\" \/>\n<meta property=\"og:site_name\" content=\"Tallinna S\u00fcdalinna kool\" \/>\n<meta property=\"article:modified_time\" content=\"2026-01-06T13:09:10+00:00\" \/>\n<meta name=\"twitter:card\" content=\"summary_large_image\" \/>\n<meta name=\"twitter:label1\" content=\"Est. reading time\" \/>\n\t<meta name=\"twitter:data1\" content=\"1 minute\" \/>\n<script type=\"application\/ld+json\" class=\"yoast-schema-graph\">{\"@context\":\"https:\/\/schema.org\",\"@graph\":[{\"@type\":\"WebPage\",\"@id\":\"https:\/\/sydalinna.edu.ee\/kontakt\/juhtkonna-vastuvott\/\",\"url\":\"https:\/\/sydalinna.edu.ee\/kontakt\/juhtkonna-vastuvott\/\",\"name\":\"Juhtkonna vastuv\u00f5tt - Tallinna S\u00fcdalinna kool\",\"isPartOf\":{\"@id\":\"https:\/\/sydalinna.edu.ee\/#website\"},\"datePublished\":\"2022-01-31T00:04:44+00:00\",\"dateModified\":\"2026-01-06T13:09:10+00:00\",\"breadcrumb\":{\"@id\":\"https:\/\/sydalinna.edu.ee\/kontakt\/juhtkonna-vastuvott\/#breadcrumb\"},\"inLanguage\":\"en-US\",\"potentialAction\":[{\"@type\":\"ReadAction\",\"target\":[\"https:\/\/sydalinna.edu.ee\/kontakt\/juhtkonna-vastuvott\/\"]}]},{\"@type\":\"BreadcrumbList\",\"@id\":\"https:\/\/sydalinna.edu.ee\/kontakt\/juhtkonna-vastuvott\/#breadcrumb\",\"itemListElement\":[{\"@type\":\"ListItem\",\"position\":1,\"name\":\"Avaleht\",\"item\":\"https:\/\/sydalinna.edu.ee\/\"},{\"@type\":\"ListItem\",\"position\":2,\"name\":\"Kontakt\",\"item\":\"https:\/\/sydalinna.edu.ee\/kontakt\/\"},{\"@type\":\"ListItem\",\"position\":3,\"name\":\"Juhtkonna vastuv\u00f5tt\"}]},{\"@type\":\"WebSite\",\"@id\":\"https:\/\/sydalinna.edu.ee\/#website\",\"url\":\"https:\/\/sydalinna.edu.ee\/\",\"name\":\"Tallinna S\u00fcdalinna kool\",\"description\":\"Kodune kool kesklinna s\u00fcdames.\",\"publisher\":{\"@id\":\"https:\/\/sydalinna.edu.ee\/#organization\"},\"potentialAction\":[{\"@type\":\"SearchAction\",\"target\":{\"@type\":\"EntryPoint\",\"urlTemplate\":\"https:\/\/sydalinna.edu.ee\/?s={search_term_string}\"},\"query-input\":{\"@type\":\"PropertyValueSpecification\",\"valueRequired\":true,\"valueName\":\"search_term_string\"}}],\"inLanguage\":\"en-US\"},{\"@type\":\"Organization\",\"@id\":\"https:\/\/sydalinna.edu.ee\/#organization\",\"name\":\"Tallinna S\u00fcdalinna kool\",\"url\":\"https:\/\/sydalinna.edu.ee\/\",\"logo\":{\"@type\":\"ImageObject\",\"inLanguage\":\"en-US\",\"@id\":\"https:\/\/sydalinna.edu.ee\/#\/schema\/logo\/image\/\",\"url\":\"https:\/\/sydalinna.edu.ee\/wp-content\/uploads\/2021\/12\/g1.svg\",\"contentUrl\":\"https:\/\/sydalinna.edu.ee\/wp-content\/uploads\/2021\/12\/g1.svg\",\"width\":185,\"height\":45,\"caption\":\"Tallinna S\u00fcdalinna kool\"},\"image\":{\"@id\":\"https:\/\/sydalinna.edu.ee\/#\/schema\/logo\/image\/\"}}]}<\/script>\n<!-- \/ Yoast SEO Premium plugin. -->","yoast_head_json":{"title":"Juhtkonna vastuv\u00f5tt - Tallinna S\u00fcdalinna kool","robots":{"index":"index","follow":"follow","max-snippet":"max-snippet:-1","max-image-preview":"max-image-preview:large","max-video-preview":"max-video-preview:-1"},"canonical":"https:\/\/sydalinna.edu.ee\/eng\/kontakt\/juhtkonna-vastuvott\/","og_locale":"en_US","og_type":"article","og_title":"Juhtkonna vastuv\u00f5tt","og_description":"Direktori vastuv\u00f5tt Esmasp\u00e4ev8.15-10.0016.00-17.00 (eelregistreerimisega) Teistel aegadel vastavalt eelregistreerimisele. Veiko Rohunurm6180150direktor@sydalinna.edu.ee \u00d5ppealajuhataja (4.-9. klass) vastuv\u00f5tt Vastuv\u00f5tt eelregistreerimisega:Monika Ellakvere6180152oppealajuhataja@sydalinna.edu.ee \u00d5ppealajuhataja (1.-3. klass) vastuv\u00f5tt Vastuv\u00f5tt eelregistreerimisega:Kerttu M\u00f6lder-Jevdokimovkerttu.molder-jevdokimov@sydalinna.edu.ee","og_url":"https:\/\/sydalinna.edu.ee\/eng\/kontakt\/juhtkonna-vastuvott\/","og_site_name":"Tallinna S\u00fcdalinna kool","article_modified_time":"2026-01-06T13:09:10+00:00","twitter_card":"summary_large_image","twitter_misc":{"Est. reading time":"1 minute"},"schema":{"@context":"https:\/\/schema.org","@graph":[{"@type":"WebPage","@id":"https:\/\/sydalinna.edu.ee\/kontakt\/juhtkonna-vastuvott\/","url":"https:\/\/sydalinna.edu.ee\/kontakt\/juhtkonna-vastuvott\/","name":"Juhtkonna vastuv\u00f5tt - Tallinna S\u00fcdalinna kool","isPartOf":{"@id":"https:\/\/sydalinna.edu.ee\/#website"},"datePublished":"2022-01-31T00:04:44+00:00","dateModified":"2026-01-06T13:09:10+00:00","breadcrumb":{"@id":"https:\/\/sydalinna.edu.ee\/kontakt\/juhtkonna-vastuvott\/#breadcrumb"},"inLanguage":"en-US","potentialAction":[{"@type":"ReadAction","target":["https:\/\/sydalinna.edu.ee\/kontakt\/juhtkonna-vastuvott\/"]}]},{"@type":"BreadcrumbList","@id":"https:\/\/sydalinna.edu.ee\/kontakt\/juhtkonna-vastuvott\/#breadcrumb","itemListElement":[{"@type":"ListItem","position":1,"name":"Avaleht","item":"https:\/\/sydalinna.edu.ee\/"},{"@type":"ListItem","position":2,"name":"Kontakt","item":"https:\/\/sydalinna.edu.ee\/kontakt\/"},{"@type":"ListItem","position":3,"name":"Juhtkonna vastuv\u00f5tt"}]},{"@type":"WebSite","@id":"https:\/\/sydalinna.edu.ee\/#website","url":"https:\/\/sydalinna.edu.ee\/","name":"Tallinna S\u00fcdalinna kool","description":"Kodune kool kesklinna s\u00fcdames.","publisher":{"@id":"https:\/\/sydalinna.edu.ee\/#organization"},"potentialAction":[{"@type":"SearchAction","target":{"@type":"EntryPoint","urlTemplate":"https:\/\/sydalinna.edu.ee\/?s={search_term_string}"},"query-input":{"@type":"PropertyValueSpecification","valueRequired":true,"valueName":"search_term_string"}}],"inLanguage":"en-US"},{"@type":"Organization","@id":"https:\/\/sydalinna.edu.ee\/#organization","name":"Tallinna S\u00fcdalinna kool","url":"https:\/\/sydalinna.edu.ee\/","logo":{"@type":"ImageObject","inLanguage":"en-US","@id":"https:\/\/sydalinna.edu.ee\/#\/schema\/logo\/image\/","url":"https:\/\/sydalinna.edu.ee\/wp-content\/uploads\/2021\/12\/g1.svg","contentUrl":"https:\/\/sydalinna.edu.ee\/wp-content\/uploads\/2021\/12\/g1.svg","width":185,"height":45,"caption":"Tallinna S\u00fcdalinna kool"},"image":{"@id":"https:\/\/sydalinna.edu.ee\/#\/schema\/logo\/image\/"}}]}},"_links":{"self":[{"href":"https:\/\/sydalinna.edu.ee\/eng\/wp-json\/wp\/v2\/pages\/1553","targetHints":{"allow":["GET"]}}],"collection":[{"href":"https:\/\/sydalinna.edu.ee\/eng\/wp-json\/wp\/v2\/pages"}],"about":[{"href":"https:\/\/sydalinna.edu.ee\/eng\/wp-json\/wp\/v2\/types\/page"}],"author":[{"embeddable":true,"href":"https:\/\/sydalinna.edu.ee\/eng\/wp-json\/wp\/v2\/users\/1"}],"replies":[{"embeddable":true,"href":"https:\/\/sydalinna.edu.ee\/eng\/wp-json\/wp\/v2\/comments?post=1553"}],"version-history":[{"count":12,"href":"https:\/\/sydalinna.edu.ee\/eng\/wp-json\/wp\/v2\/pages\/1553\/revisions"}],"predecessor-version":[{"id":10609,"href":"https:\/\/sydalinna.edu.ee\/eng\/wp-json\/wp\/v2\/pages\/1553\/revisions\/10609"}],"up":[{"embeddable":true,"href":"https:\/\/sydalinna.edu.ee\/eng\/wp-json\/wp\/v2\/pages\/702"}],"wp:attachment":[{"href":"https:\/\/sydalinna.edu.ee\/eng\/wp-json\/wp\/v2\/media?parent=1553"}],"curies":[{"name":"wp","href":"https:\/\/api.w.org\/{rel}","templated":true}]}}